{"id":324,"date":"2020-01-02T16:59:47","date_gmt":"2020-01-02T19:59:47","guid":{"rendered":"http:\/\/www.degania.com.ar\/wp\/producto\/import-placeholder-for-215\/"},"modified":"2024-07-30T23:50:13","modified_gmt":"2024-07-31T02:50:13","slug":"toldos-brazo-invisible","status":"publish","type":"product","link":"http:\/\/www.degania.com.ar\/wp\/producto\/toldos-brazo-invisible\/","title":{"rendered":"Toldos brazo invisible"},"content":{"rendered":"<!-- sktbuilder starter --><script type=\"text\/javascript\" src=\"http:\/\/www.degania.com.ar\/wp\/wp-content\/plugins\/skt-builder\/sktbuilder\/sktbuilder-frontend-starter.js\"><\/script><script type=\"text\/javascript\" src=\"http:\/\/www.degania.com.ar\/wp\/wp-content\/plugins\/skt-builder\/sktbuilder-wordpress-driver.js\"><\/script><script type=\"text\/javascript\"> var starter = new SktbuilderStarter({\"mode\": \"prod\", \"skip\":[\"jquery\",\"underscore\",\"backbone\"],\"sktbuilderUrl\": \"http:\/\/www.degania.com.ar\/wp\/wp-content\/plugins\/skt-builder\/sktbuilder\/\", \"driver\": new SktbuilderWordpressDriver({\"ajaxUrl\": \"http:\/\/www.degania.com.ar\/wp\/wp-admin\/admin-ajax.php\", \"iframeUrl\": \"http:\/\/www.degania.com.ar\/wp\/producto\/toldos-brazo-invisible\/?sktbuilder=true\", \"pageId\": 324,  \"nonce\": \"f321c03655\", \"pages\": [{\"title\":\"Productos\",\"url\":\"http:\\\/\\\/www.degania.com.ar\\\/wp\\\/wp-admin\\\/post.php?post=34&action=sktbuilder\"},{\"title\":\"Showrooms\",\"url\":\"http:\\\/\\\/www.degania.com.ar\\\/wp\\\/wp-admin\\\/post.php?post=36&action=sktbuilder\"},{\"title\":\"Grandes Clientes\",\"url\":\"http:\\\/\\\/www.degania.com.ar\\\/wp\\\/wp-admin\\\/post.php?post=40&action=sktbuilder\"},{\"title\":\"Bienvenidos a Degania\",\"url\":\"http:\\\/\\\/www.degania.com.ar\\\/wp\\\/wp-admin\\\/post.php?post=110&action=sktbuilder\"},{\"title\":\"1 | Medici\\u00f3n\",\"url\":\"http:\\\/\\\/www.degania.com.ar\\\/wp\\\/wp-admin\\\/post.php?post=116&action=sktbuilder\"}], \"page\": \"Toldos brazo invisible\" }) });<\/script><!-- end sktbuilder starter -->","protected":false},"excerpt":{"rendered":"<h5>Toldo cuyos brazos se extienden en un plano horizontal<\/h5>\n<h5>Est\u00e1 realizado \u00edntegramente en aluminio y tiene un sistema interno de tensi\u00f3n mediante resortes y cable construidos en acero inoxidable.<br \/>\nSu versatilidad nos permite realizar instalaciones tanto frontales, como a techo o entre pared.<\/h5>\n<p><strong>Uso<\/strong><\/p>\n<ul>\n<li>\n<h5>Ideal para galer\u00edas y balcones.<\/h5>\n<\/li>\n<\/ul>\n<p><strong>Accionamiento<\/strong><\/p>\n<ul>\n<li>\n<h5>Manual (mediante manivela)<\/h5>\n<\/li>\n<li>\n<h5>Automatizado (mediante motor tubular)<\/h5>\n<\/li>\n<\/ul>\n","protected":false},"featured_media":216,"comment_status":"open","ping_status":"closed","template":"","meta":{"_joinchat":[]},"product_brand":[],"product_cat":[95,94,47],"product_tag":[49,48],"class_list":{"0":"post-324","1":"product","2":"type-product","3":"status-publish","4":"has-post-thumbnail","6":"product_cat-balcones","7":"product_cat-galerias","8":"product_cat-toldos","9":"product_tag-brazo-invisible","10":"product_tag-toldos","12":"first","13":"instock","14":"shipping-taxable","15":"product-type-simple"},"yoast_head":"<!-- This site is optimized with the Yoast SEO plugin v27.3 - https:\/\/yoast.com\/product\/yoast-seo-wordpress\/ -->\n<title>Toldos de Brazos Invisibles<\/title>\n<meta name=\"description\" content=\"Toldo cuyos brazos se extienden en un plano horizontal\" \/>\n<meta name=\"robots\" content=\"index, follow, max-snippet:-1, max-image-preview:large, max-video-preview:-1\" \/>\n<link rel=\"canonical\" href=\"http:\/\/www.degania.com.ar\/wp\/producto\/toldos-brazo-invisible\/\" \/>\n<meta property=\"og:locale\" content=\"es_ES\" \/>\n<meta property=\"og:type\" content=\"article\" \/>\n<meta property=\"og:title\" content=\"Toldos de Brazos Invisibles\" \/>\n<meta property=\"og:description\" content=\"Toldo cuyos brazos se extienden en un plano horizontal\" \/>\n<meta property=\"og:url\" content=\"http:\/\/www.degania.com.ar\/wp\/producto\/toldos-brazo-invisible\/\" \/>\n<meta property=\"og:site_name\" content=\"Degania | Deco &amp; Design\" \/>\n<meta property=\"article:publisher\" content=\"https:\/\/www.facebook.com\/deganiacortineria\/\" \/>\n<meta property=\"article:modified_time\" content=\"2024-07-31T02:50:13+00:00\" \/>\n<meta property=\"og:image\" content=\"http:\/\/www.degania.com.ar\/wp\/wp-content\/uploads\/2019\/11\/toldo_brazo_invisible-min-min.png\" \/>\n\t<meta property=\"og:image:width\" content=\"370\" \/>\n\t<meta property=\"og:image:height\" content=\"250\" \/>\n\t<meta property=\"og:image:type\" content=\"image\/png\" \/>\n<meta name=\"twitter:card\" content=\"summary_large_image\" \/>\n<script type=\"application\/ld+json\" class=\"yoast-schema-graph\">{\"@context\":\"https:\\\/\\\/schema.org\",\"@graph\":[{\"@type\":\"WebPage\",\"@id\":\"http:\\\/\\\/www.degania.com.ar\\\/wp\\\/producto\\\/toldos-brazo-invisible\\\/\",\"url\":\"http:\\\/\\\/www.degania.com.ar\\\/wp\\\/producto\\\/toldos-brazo-invisible\\\/\",\"name\":\"Toldos de Brazos Invisibles\",\"isPartOf\":{\"@id\":\"http:\\\/\\\/www.degania.com.ar\\\/wp\\\/#website\"},\"primaryImageOfPage\":{\"@id\":\"http:\\\/\\\/www.degania.com.ar\\\/wp\\\/producto\\\/toldos-brazo-invisible\\\/#primaryimage\"},\"image\":{\"@id\":\"http:\\\/\\\/www.degania.com.ar\\\/wp\\\/producto\\\/toldos-brazo-invisible\\\/#primaryimage\"},\"thumbnailUrl\":\"http:\\\/\\\/www.degania.com.ar\\\/wp\\\/wp-content\\\/uploads\\\/2019\\\/11\\\/toldo_brazo_invisible-min-min.png\",\"datePublished\":\"2020-01-02T19:59:47+00:00\",\"dateModified\":\"2024-07-31T02:50:13+00:00\",\"description\":\"Toldo cuyos brazos se extienden en un plano horizontal\",\"breadcrumb\":{\"@id\":\"http:\\\/\\\/www.degania.com.ar\\\/wp\\\/producto\\\/toldos-brazo-invisible\\\/#breadcrumb\"},\"inLanguage\":\"es\",\"potentialAction\":[{\"@type\":\"ReadAction\",\"target\":[\"http:\\\/\\\/www.degania.com.ar\\\/wp\\\/producto\\\/toldos-brazo-invisible\\\/\"]}]},{\"@type\":\"ImageObject\",\"inLanguage\":\"es\",\"@id\":\"http:\\\/\\\/www.degania.com.ar\\\/wp\\\/producto\\\/toldos-brazo-invisible\\\/#primaryimage\",\"url\":\"http:\\\/\\\/www.degania.com.ar\\\/wp\\\/wp-content\\\/uploads\\\/2019\\\/11\\\/toldo_brazo_invisible-min-min.png\",\"contentUrl\":\"http:\\\/\\\/www.degania.com.ar\\\/wp\\\/wp-content\\\/uploads\\\/2019\\\/11\\\/toldo_brazo_invisible-min-min.png\",\"width\":370,\"height\":250,\"caption\":\"Degania Rosario Toldos brazo invisible\"},{\"@type\":\"BreadcrumbList\",\"@id\":\"http:\\\/\\\/www.degania.com.ar\\\/wp\\\/producto\\\/toldos-brazo-invisible\\\/#breadcrumb\",\"itemListElement\":[{\"@type\":\"ListItem\",\"position\":1,\"name\":\"Portada\",\"item\":\"http:\\\/\\\/www.degania.com.ar\\\/wp\\\/\"},{\"@type\":\"ListItem\",\"position\":2,\"name\":\"Productos\",\"item\":\"http:\\\/\\\/www.degania.com.ar\\\/wp\\\/productos\\\/\"},{\"@type\":\"ListItem\",\"position\":3,\"name\":\"Toldos brazo invisible\"}]},{\"@type\":\"WebSite\",\"@id\":\"http:\\\/\\\/www.degania.com.ar\\\/wp\\\/#website\",\"url\":\"http:\\\/\\\/www.degania.com.ar\\\/wp\\\/\",\"name\":\"Degania | Deco &amp; Design\",\"description\":\"Dise\u00f1o y Decoracion Corineria Telas BlackOut Roller\",\"publisher\":{\"@id\":\"http:\\\/\\\/www.degania.com.ar\\\/wp\\\/#organization\"},\"potentialAction\":[{\"@type\":\"SearchAction\",\"target\":{\"@type\":\"EntryPoint\",\"urlTemplate\":\"http:\\\/\\\/www.degania.com.ar\\\/wp\\\/?s={search_term_string}\"},\"query-input\":{\"@type\":\"PropertyValueSpecification\",\"valueRequired\":true,\"valueName\":\"search_term_string\"}}],\"inLanguage\":\"es\"},{\"@type\":\"Organization\",\"@id\":\"http:\\\/\\\/www.degania.com.ar\\\/wp\\\/#organization\",\"name\":\"Degania\",\"url\":\"http:\\\/\\\/www.degania.com.ar\\\/wp\\\/\",\"logo\":{\"@type\":\"ImageObject\",\"inLanguage\":\"es\",\"@id\":\"http:\\\/\\\/www.degania.com.ar\\\/wp\\\/#\\\/schema\\\/logo\\\/image\\\/\",\"url\":\"http:\\\/\\\/www.degania.com.ar\\\/wp\\\/wp-content\\\/uploads\\\/2019\\\/11\\\/dgania-logo.png\",\"contentUrl\":\"http:\\\/\\\/www.degania.com.ar\\\/wp\\\/wp-content\\\/uploads\\\/2019\\\/11\\\/dgania-logo.png\",\"width\":1082,\"height\":368,\"caption\":\"Degania\"},\"image\":{\"@id\":\"http:\\\/\\\/www.degania.com.ar\\\/wp\\\/#\\\/schema\\\/logo\\\/image\\\/\"},\"sameAs\":[\"https:\\\/\\\/www.facebook.com\\\/deganiacortineria\\\/\",\"https:\\\/\\\/www.instagram.com\\\/deganiacortineria\\\/\"]}]}<\/script>\n<!-- \/ Yoast SEO plugin. -->","yoast_head_json":{"title":"Toldos de Brazos Invisibles","description":"Toldo cuyos brazos se extienden en un plano horizontal","robots":{"index":"index","follow":"follow","max-snippet":"max-snippet:-1","max-image-preview":"max-image-preview:large","max-video-preview":"max-video-preview:-1"},"canonical":"http:\/\/www.degania.com.ar\/wp\/producto\/toldos-brazo-invisible\/","og_locale":"es_ES","og_type":"article","og_title":"Toldos de Brazos Invisibles","og_description":"Toldo cuyos brazos se extienden en un plano horizontal","og_url":"http:\/\/www.degania.com.ar\/wp\/producto\/toldos-brazo-invisible\/","og_site_name":"Degania | Deco &amp; Design","article_publisher":"https:\/\/www.facebook.com\/deganiacortineria\/","article_modified_time":"2024-07-31T02:50:13+00:00","og_image":[{"width":370,"height":250,"url":"http:\/\/www.degania.com.ar\/wp\/wp-content\/uploads\/2019\/11\/toldo_brazo_invisible-min-min.png","type":"image\/png"}],"twitter_card":"summary_large_image","schema":{"@context":"https:\/\/schema.org","@graph":[{"@type":"WebPage","@id":"http:\/\/www.degania.com.ar\/wp\/producto\/toldos-brazo-invisible\/","url":"http:\/\/www.degania.com.ar\/wp\/producto\/toldos-brazo-invisible\/","name":"Toldos de Brazos Invisibles","isPartOf":{"@id":"http:\/\/www.degania.com.ar\/wp\/#website"},"primaryImageOfPage":{"@id":"http:\/\/www.degania.com.ar\/wp\/producto\/toldos-brazo-invisible\/#primaryimage"},"image":{"@id":"http:\/\/www.degania.com.ar\/wp\/producto\/toldos-brazo-invisible\/#primaryimage"},"thumbnailUrl":"http:\/\/www.degania.com.ar\/wp\/wp-content\/uploads\/2019\/11\/toldo_brazo_invisible-min-min.png","datePublished":"2020-01-02T19:59:47+00:00","dateModified":"2024-07-31T02:50:13+00:00","description":"Toldo cuyos brazos se extienden en un plano horizontal","breadcrumb":{"@id":"http:\/\/www.degania.com.ar\/wp\/producto\/toldos-brazo-invisible\/#breadcrumb"},"inLanguage":"es","potentialAction":[{"@type":"ReadAction","target":["http:\/\/www.degania.com.ar\/wp\/producto\/toldos-brazo-invisible\/"]}]},{"@type":"ImageObject","inLanguage":"es","@id":"http:\/\/www.degania.com.ar\/wp\/producto\/toldos-brazo-invisible\/#primaryimage","url":"http:\/\/www.degania.com.ar\/wp\/wp-content\/uploads\/2019\/11\/toldo_brazo_invisible-min-min.png","contentUrl":"http:\/\/www.degania.com.ar\/wp\/wp-content\/uploads\/2019\/11\/toldo_brazo_invisible-min-min.png","width":370,"height":250,"caption":"Degania Rosario Toldos brazo invisible"},{"@type":"BreadcrumbList","@id":"http:\/\/www.degania.com.ar\/wp\/producto\/toldos-brazo-invisible\/#breadcrumb","itemListElement":[{"@type":"ListItem","position":1,"name":"Portada","item":"http:\/\/www.degania.com.ar\/wp\/"},{"@type":"ListItem","position":2,"name":"Productos","item":"http:\/\/www.degania.com.ar\/wp\/productos\/"},{"@type":"ListItem","position":3,"name":"Toldos brazo invisible"}]},{"@type":"WebSite","@id":"http:\/\/www.degania.com.ar\/wp\/#website","url":"http:\/\/www.degania.com.ar\/wp\/","name":"Degania | Deco &amp; Design","description":"Dise\u00f1o y Decoracion Corineria Telas BlackOut Roller","publisher":{"@id":"http:\/\/www.degania.com.ar\/wp\/#organization"},"potentialAction":[{"@type":"SearchAction","target":{"@type":"EntryPoint","urlTemplate":"http:\/\/www.degania.com.ar\/wp\/?s={search_term_string}"},"query-input":{"@type":"PropertyValueSpecification","valueRequired":true,"valueName":"search_term_string"}}],"inLanguage":"es"},{"@type":"Organization","@id":"http:\/\/www.degania.com.ar\/wp\/#organization","name":"Degania","url":"http:\/\/www.degania.com.ar\/wp\/","logo":{"@type":"ImageObject","inLanguage":"es","@id":"http:\/\/www.degania.com.ar\/wp\/#\/schema\/logo\/image\/","url":"http:\/\/www.degania.com.ar\/wp\/wp-content\/uploads\/2019\/11\/dgania-logo.png","contentUrl":"http:\/\/www.degania.com.ar\/wp\/wp-content\/uploads\/2019\/11\/dgania-logo.png","width":1082,"height":368,"caption":"Degania"},"image":{"@id":"http:\/\/www.degania.com.ar\/wp\/#\/schema\/logo\/image\/"},"sameAs":["https:\/\/www.facebook.com\/deganiacortineria\/","https:\/\/www.instagram.com\/deganiacortineria\/"]}]}},"_links":{"self":[{"href":"http:\/\/www.degania.com.ar\/wp\/wp-json\/wp\/v2\/product\/324","targetHints":{"allow":["GET"]}}],"collection":[{"href":"http:\/\/www.degania.com.ar\/wp\/wp-json\/wp\/v2\/product"}],"about":[{"href":"http:\/\/www.degania.com.ar\/wp\/wp-json\/wp\/v2\/types\/product"}],"replies":[{"embeddable":true,"href":"http:\/\/www.degania.com.ar\/wp\/wp-json\/wp\/v2\/comments?post=324"}],"wp:featuredmedia":[{"embeddable":true,"href":"http:\/\/www.degania.com.ar\/wp\/wp-json\/wp\/v2\/media\/216"}],"wp:attachment":[{"href":"http:\/\/www.degania.com.ar\/wp\/wp-json\/wp\/v2\/media?parent=324"}],"wp:term":[{"taxonomy":"product_brand","embeddable":true,"href":"http:\/\/www.degania.com.ar\/wp\/wp-json\/wp\/v2\/product_brand?post=324"},{"taxonomy":"product_cat","embeddable":true,"href":"http:\/\/www.degania.com.ar\/wp\/wp-json\/wp\/v2\/product_cat?post=324"},{"taxonomy":"product_tag","embeddable":true,"href":"http:\/\/www.degania.com.ar\/wp\/wp-json\/wp\/v2\/product_tag?post=324"}],"curies":[{"name":"wp","href":"https:\/\/api.w.org\/{rel}","templated":true}]}}