{"id":334,"date":"2020-01-02T16:59:49","date_gmt":"2020-01-02T19:59:49","guid":{"rendered":"http:\/\/www.degania.com.ar\/wp\/producto\/import-placeholder-for-237\/"},"modified":"2023-07-10T12:04:20","modified_gmt":"2023-07-10T15:04:20","slug":"cortinas-roller","status":"publish","type":"product","link":"http:\/\/www.degania.com.ar\/wp\/producto\/cortinas-roller\/","title":{"rendered":"Cortinas roller"},"content":{"rendered":"<!-- sktbuilder starter --><script type=\"text\/javascript\" src=\"http:\/\/www.degania.com.ar\/wp\/wp-content\/plugins\/skt-builder\/sktbuilder\/sktbuilder-frontend-starter.js\"><\/script><script type=\"text\/javascript\" src=\"http:\/\/www.degania.com.ar\/wp\/wp-content\/plugins\/skt-builder\/sktbuilder-wordpress-driver.js\"><\/script><script type=\"text\/javascript\"> var starter = new SktbuilderStarter({\"mode\": \"prod\", \"skip\":[\"jquery\",\"underscore\",\"backbone\"],\"sktbuilderUrl\": \"http:\/\/www.degania.com.ar\/wp\/wp-content\/plugins\/skt-builder\/sktbuilder\/\", \"driver\": new SktbuilderWordpressDriver({\"ajaxUrl\": \"http:\/\/www.degania.com.ar\/wp\/wp-admin\/admin-ajax.php\", \"iframeUrl\": \"http:\/\/www.degania.com.ar\/wp\/producto\/cortinas-roller\/?sktbuilder=true\", \"pageId\": 334,  \"nonce\": \"ed5d638a8b\", \"pages\": [{\"title\":\"Productos\",\"url\":\"http:\\\/\\\/www.degania.com.ar\\\/wp\\\/wp-admin\\\/post.php?post=34&action=sktbuilder\"},{\"title\":\"Showrooms\",\"url\":\"http:\\\/\\\/www.degania.com.ar\\\/wp\\\/wp-admin\\\/post.php?post=36&action=sktbuilder\"},{\"title\":\"Grandes Clientes\",\"url\":\"http:\\\/\\\/www.degania.com.ar\\\/wp\\\/wp-admin\\\/post.php?post=40&action=sktbuilder\"},{\"title\":\"Bienvenidos a Degania\",\"url\":\"http:\\\/\\\/www.degania.com.ar\\\/wp\\\/wp-admin\\\/post.php?post=110&action=sktbuilder\"},{\"title\":\"1 | Medici\\u00f3n\",\"url\":\"http:\\\/\\\/www.degania.com.ar\\\/wp\\\/wp-admin\\\/post.php?post=116&action=sktbuilder\"}], \"page\": \"Cortinas roller\" }) });<\/script><!-- end sktbuilder starter -->","protected":false},"excerpt":{"rendered":"<h5><a href=\"http:\/\/www.degania.com.ar\/wp\/wp-content\/uploads\/2020\/01\/degania-roller.jpg\"><img loading=\"lazy\" decoding=\"async\" class=\"alignnone  wp-image-408\" src=\"http:\/\/www.degania.com.ar\/wp\/wp-content\/uploads\/2020\/01\/degania-roller-300x197.jpg\" alt=\"\" width=\"141\" height=\"93\" srcset=\"http:\/\/www.degania.com.ar\/wp\/wp-content\/uploads\/2020\/01\/degania-roller-300x197.jpg 300w, http:\/\/www.degania.com.ar\/wp\/wp-content\/uploads\/2020\/01\/degania-roller-1024x674.jpg 1024w, http:\/\/www.degania.com.ar\/wp\/wp-content\/uploads\/2020\/01\/degania-roller-768x505.jpg 768w, http:\/\/www.degania.com.ar\/wp\/wp-content\/uploads\/2020\/01\/degania-roller-600x395.jpg 600w, http:\/\/www.degania.com.ar\/wp\/wp-content\/uploads\/2020\/01\/degania-roller.jpg 1140w\" sizes=\"auto, (max-width: 141px) 100vw, 141px\" \/><\/a><\/h5>\n<h5>Las Cortinas Roller agregan una nueva opci\u00f3n para el embellecimiento de sus ventanas. Con un toque artesanal combinan la madera con las diferentes opciones de telas ribeteadas con cinta de gross al tono o contrastando con la misma, dando al conjunto un toque de calidez ideal para la decoraci\u00f3n.<\/h5>\n<h5>Se trata de una cortina enrollable con cabezal y z\u00f3calo de madera, accionada por un sistema de gu\u00edas con cord\u00f3n y freno, que al recogerse se aloja detr\u00e1s de una solapa compuesta de la misma tela de la cortina.<\/h5>\n","protected":false},"featured_media":238,"comment_status":"open","ping_status":"closed","template":"","meta":{"_joinchat":[]},"product_brand":[],"product_cat":[21],"product_tag":[69,26],"class_list":{"0":"post-334","1":"product","2":"type-product","3":"status-publish","4":"has-post-thumbnail","6":"product_cat-cortinas","7":"product_tag-cortinas","8":"product_tag-roller","10":"first","11":"instock","12":"shipping-taxable","13":"product-type-simple"},"yoast_head":"<!-- This site is optimized with the Yoast SEO plugin v27.5 - https:\/\/yoast.com\/product\/yoast-seo-wordpress\/ -->\n<title>Cortinas Roller<\/title>\n<meta name=\"description\" content=\"Las Cortinas Roller agregan una nueva opci\u00f3n para el embellecimiento de sus ventanas.\" \/>\n<meta name=\"robots\" content=\"index, follow, max-snippet:-1, max-image-preview:large, max-video-preview:-1\" \/>\n<link rel=\"canonical\" href=\"http:\/\/www.degania.com.ar\/wp\/producto\/cortinas-roller\/\" \/>\n<meta property=\"og:locale\" content=\"es_ES\" \/>\n<meta property=\"og:type\" content=\"article\" \/>\n<meta property=\"og:title\" content=\"Cortinas Roller\" \/>\n<meta property=\"og:description\" content=\"Las Cortinas Roller agregan una nueva opci\u00f3n para el embellecimiento de sus ventanas.\" \/>\n<meta property=\"og:url\" content=\"http:\/\/www.degania.com.ar\/wp\/producto\/cortinas-roller\/\" \/>\n<meta property=\"og:site_name\" content=\"Degania | Deco &amp; Design\" \/>\n<meta property=\"article:publisher\" content=\"https:\/\/www.facebook.com\/deganiacortineria\/\" \/>\n<meta property=\"article:modified_time\" content=\"2023-07-10T15:04:20+00:00\" \/>\n<meta property=\"og:image\" content=\"http:\/\/www.degania.com.ar\/wp\/wp-content\/uploads\/2019\/11\/roller-min-min.png\" \/>\n\t<meta property=\"og:image:width\" content=\"370\" \/>\n\t<meta property=\"og:image:height\" content=\"250\" \/>\n\t<meta property=\"og:image:type\" content=\"image\/png\" \/>\n<meta name=\"twitter:card\" content=\"summary_large_image\" \/>\n<script type=\"application\/ld+json\" class=\"yoast-schema-graph\">{\"@context\":\"https:\\\/\\\/schema.org\",\"@graph\":[{\"@type\":\"WebPage\",\"@id\":\"http:\\\/\\\/www.degania.com.ar\\\/wp\\\/producto\\\/cortinas-roller\\\/\",\"url\":\"http:\\\/\\\/www.degania.com.ar\\\/wp\\\/producto\\\/cortinas-roller\\\/\",\"name\":\"Cortinas Roller\",\"isPartOf\":{\"@id\":\"http:\\\/\\\/www.degania.com.ar\\\/wp\\\/#website\"},\"primaryImageOfPage\":{\"@id\":\"http:\\\/\\\/www.degania.com.ar\\\/wp\\\/producto\\\/cortinas-roller\\\/#primaryimage\"},\"image\":{\"@id\":\"http:\\\/\\\/www.degania.com.ar\\\/wp\\\/producto\\\/cortinas-roller\\\/#primaryimage\"},\"thumbnailUrl\":\"http:\\\/\\\/www.degania.com.ar\\\/wp\\\/wp-content\\\/uploads\\\/2019\\\/11\\\/roller-min-min.png\",\"datePublished\":\"2020-01-02T19:59:49+00:00\",\"dateModified\":\"2023-07-10T15:04:20+00:00\",\"description\":\"Las Cortinas Roller agregan una nueva opci\u00f3n para el embellecimiento de sus ventanas.\",\"breadcrumb\":{\"@id\":\"http:\\\/\\\/www.degania.com.ar\\\/wp\\\/producto\\\/cortinas-roller\\\/#breadcrumb\"},\"inLanguage\":\"es\",\"potentialAction\":[{\"@type\":\"ReadAction\",\"target\":[\"http:\\\/\\\/www.degania.com.ar\\\/wp\\\/producto\\\/cortinas-roller\\\/\"]}]},{\"@type\":\"ImageObject\",\"inLanguage\":\"es\",\"@id\":\"http:\\\/\\\/www.degania.com.ar\\\/wp\\\/producto\\\/cortinas-roller\\\/#primaryimage\",\"url\":\"http:\\\/\\\/www.degania.com.ar\\\/wp\\\/wp-content\\\/uploads\\\/2019\\\/11\\\/roller-min-min.png\",\"contentUrl\":\"http:\\\/\\\/www.degania.com.ar\\\/wp\\\/wp-content\\\/uploads\\\/2019\\\/11\\\/roller-min-min.png\",\"width\":370,\"height\":250},{\"@type\":\"BreadcrumbList\",\"@id\":\"http:\\\/\\\/www.degania.com.ar\\\/wp\\\/producto\\\/cortinas-roller\\\/#breadcrumb\",\"itemListElement\":[{\"@type\":\"ListItem\",\"position\":1,\"name\":\"Portada\",\"item\":\"http:\\\/\\\/www.degania.com.ar\\\/wp\\\/\"},{\"@type\":\"ListItem\",\"position\":2,\"name\":\"Productos\",\"item\":\"http:\\\/\\\/www.degania.com.ar\\\/wp\\\/productos\\\/\"},{\"@type\":\"ListItem\",\"position\":3,\"name\":\"Cortinas roller\"}]},{\"@type\":\"WebSite\",\"@id\":\"http:\\\/\\\/www.degania.com.ar\\\/wp\\\/#website\",\"url\":\"http:\\\/\\\/www.degania.com.ar\\\/wp\\\/\",\"name\":\"Degania | Deco &amp; Design\",\"description\":\"Dise\u00f1o y Decoracion Corineria Telas BlackOut Roller\",\"publisher\":{\"@id\":\"http:\\\/\\\/www.degania.com.ar\\\/wp\\\/#organization\"},\"potentialAction\":[{\"@type\":\"SearchAction\",\"target\":{\"@type\":\"EntryPoint\",\"urlTemplate\":\"http:\\\/\\\/www.degania.com.ar\\\/wp\\\/?s={search_term_string}\"},\"query-input\":{\"@type\":\"PropertyValueSpecification\",\"valueRequired\":true,\"valueName\":\"search_term_string\"}}],\"inLanguage\":\"es\"},{\"@type\":\"Organization\",\"@id\":\"http:\\\/\\\/www.degania.com.ar\\\/wp\\\/#organization\",\"name\":\"Degania\",\"url\":\"http:\\\/\\\/www.degania.com.ar\\\/wp\\\/\",\"logo\":{\"@type\":\"ImageObject\",\"inLanguage\":\"es\",\"@id\":\"http:\\\/\\\/www.degania.com.ar\\\/wp\\\/#\\\/schema\\\/logo\\\/image\\\/\",\"url\":\"http:\\\/\\\/www.degania.com.ar\\\/wp\\\/wp-content\\\/uploads\\\/2019\\\/11\\\/dgania-logo.png\",\"contentUrl\":\"http:\\\/\\\/www.degania.com.ar\\\/wp\\\/wp-content\\\/uploads\\\/2019\\\/11\\\/dgania-logo.png\",\"width\":1082,\"height\":368,\"caption\":\"Degania\"},\"image\":{\"@id\":\"http:\\\/\\\/www.degania.com.ar\\\/wp\\\/#\\\/schema\\\/logo\\\/image\\\/\"},\"sameAs\":[\"https:\\\/\\\/www.facebook.com\\\/deganiacortineria\\\/\",\"https:\\\/\\\/www.instagram.com\\\/deganiacortineria\\\/\"]}]}<\/script>\n<!-- \/ Yoast SEO plugin. -->","yoast_head_json":{"title":"Cortinas Roller","description":"Las Cortinas Roller agregan una nueva opci\u00f3n para el embellecimiento de sus ventanas.","robots":{"index":"index","follow":"follow","max-snippet":"max-snippet:-1","max-image-preview":"max-image-preview:large","max-video-preview":"max-video-preview:-1"},"canonical":"http:\/\/www.degania.com.ar\/wp\/producto\/cortinas-roller\/","og_locale":"es_ES","og_type":"article","og_title":"Cortinas Roller","og_description":"Las Cortinas Roller agregan una nueva opci\u00f3n para el embellecimiento de sus ventanas.","og_url":"http:\/\/www.degania.com.ar\/wp\/producto\/cortinas-roller\/","og_site_name":"Degania | Deco &amp; Design","article_publisher":"https:\/\/www.facebook.com\/deganiacortineria\/","article_modified_time":"2023-07-10T15:04:20+00:00","og_image":[{"width":370,"height":250,"url":"http:\/\/www.degania.com.ar\/wp\/wp-content\/uploads\/2019\/11\/roller-min-min.png","type":"image\/png"}],"twitter_card":"summary_large_image","schema":{"@context":"https:\/\/schema.org","@graph":[{"@type":"WebPage","@id":"http:\/\/www.degania.com.ar\/wp\/producto\/cortinas-roller\/","url":"http:\/\/www.degania.com.ar\/wp\/producto\/cortinas-roller\/","name":"Cortinas Roller","isPartOf":{"@id":"http:\/\/www.degania.com.ar\/wp\/#website"},"primaryImageOfPage":{"@id":"http:\/\/www.degania.com.ar\/wp\/producto\/cortinas-roller\/#primaryimage"},"image":{"@id":"http:\/\/www.degania.com.ar\/wp\/producto\/cortinas-roller\/#primaryimage"},"thumbnailUrl":"http:\/\/www.degania.com.ar\/wp\/wp-content\/uploads\/2019\/11\/roller-min-min.png","datePublished":"2020-01-02T19:59:49+00:00","dateModified":"2023-07-10T15:04:20+00:00","description":"Las Cortinas Roller agregan una nueva opci\u00f3n para el embellecimiento de sus ventanas.","breadcrumb":{"@id":"http:\/\/www.degania.com.ar\/wp\/producto\/cortinas-roller\/#breadcrumb"},"inLanguage":"es","potentialAction":[{"@type":"ReadAction","target":["http:\/\/www.degania.com.ar\/wp\/producto\/cortinas-roller\/"]}]},{"@type":"ImageObject","inLanguage":"es","@id":"http:\/\/www.degania.com.ar\/wp\/producto\/cortinas-roller\/#primaryimage","url":"http:\/\/www.degania.com.ar\/wp\/wp-content\/uploads\/2019\/11\/roller-min-min.png","contentUrl":"http:\/\/www.degania.com.ar\/wp\/wp-content\/uploads\/2019\/11\/roller-min-min.png","width":370,"height":250},{"@type":"BreadcrumbList","@id":"http:\/\/www.degania.com.ar\/wp\/producto\/cortinas-roller\/#breadcrumb","itemListElement":[{"@type":"ListItem","position":1,"name":"Portada","item":"http:\/\/www.degania.com.ar\/wp\/"},{"@type":"ListItem","position":2,"name":"Productos","item":"http:\/\/www.degania.com.ar\/wp\/productos\/"},{"@type":"ListItem","position":3,"name":"Cortinas roller"}]},{"@type":"WebSite","@id":"http:\/\/www.degania.com.ar\/wp\/#website","url":"http:\/\/www.degania.com.ar\/wp\/","name":"Degania | Deco &amp; Design","description":"Dise\u00f1o y Decoracion Corineria Telas BlackOut Roller","publisher":{"@id":"http:\/\/www.degania.com.ar\/wp\/#organization"},"potentialAction":[{"@type":"SearchAction","target":{"@type":"EntryPoint","urlTemplate":"http:\/\/www.degania.com.ar\/wp\/?s={search_term_string}"},"query-input":{"@type":"PropertyValueSpecification","valueRequired":true,"valueName":"search_term_string"}}],"inLanguage":"es"},{"@type":"Organization","@id":"http:\/\/www.degania.com.ar\/wp\/#organization","name":"Degania","url":"http:\/\/www.degania.com.ar\/wp\/","logo":{"@type":"ImageObject","inLanguage":"es","@id":"http:\/\/www.degania.com.ar\/wp\/#\/schema\/logo\/image\/","url":"http:\/\/www.degania.com.ar\/wp\/wp-content\/uploads\/2019\/11\/dgania-logo.png","contentUrl":"http:\/\/www.degania.com.ar\/wp\/wp-content\/uploads\/2019\/11\/dgania-logo.png","width":1082,"height":368,"caption":"Degania"},"image":{"@id":"http:\/\/www.degania.com.ar\/wp\/#\/schema\/logo\/image\/"},"sameAs":["https:\/\/www.facebook.com\/deganiacortineria\/","https:\/\/www.instagram.com\/deganiacortineria\/"]}]}},"_links":{"self":[{"href":"http:\/\/www.degania.com.ar\/wp\/wp-json\/wp\/v2\/product\/334","targetHints":{"allow":["GET"]}}],"collection":[{"href":"http:\/\/www.degania.com.ar\/wp\/wp-json\/wp\/v2\/product"}],"about":[{"href":"http:\/\/www.degania.com.ar\/wp\/wp-json\/wp\/v2\/types\/product"}],"replies":[{"embeddable":true,"href":"http:\/\/www.degania.com.ar\/wp\/wp-json\/wp\/v2\/comments?post=334"}],"wp:featuredmedia":[{"embeddable":true,"href":"http:\/\/www.degania.com.ar\/wp\/wp-json\/wp\/v2\/media\/238"}],"wp:attachment":[{"href":"http:\/\/www.degania.com.ar\/wp\/wp-json\/wp\/v2\/media?parent=334"}],"wp:term":[{"taxonomy":"product_brand","embeddable":true,"href":"http:\/\/www.degania.com.ar\/wp\/wp-json\/wp\/v2\/product_brand?post=334"},{"taxonomy":"product_cat","embeddable":true,"href":"http:\/\/www.degania.com.ar\/wp\/wp-json\/wp\/v2\/product_cat?post=334"},{"taxonomy":"product_tag","embeddable":true,"href":"http:\/\/www.degania.com.ar\/wp\/wp-json\/wp\/v2\/product_tag?post=334"}],"curies":[{"name":"wp","href":"https:\/\/api.w.org\/{rel}","templated":true}]}}