{"id":335,"date":"2020-01-02T16:59:49","date_gmt":"2020-01-02T19:59:49","guid":{"rendered":"http:\/\/www.degania.com.ar\/wp\/producto\/import-placeholder-for-239\/"},"modified":"2024-06-30T08:22:48","modified_gmt":"2024-06-30T11:22:48","slug":"cortinas-romana","status":"publish","type":"product","link":"http:\/\/www.degania.com.ar\/wp\/producto\/cortinas-romana\/","title":{"rendered":"Cortinas romana"},"content":{"rendered":"<!-- sktbuilder starter --><script type=\"text\/javascript\" src=\"http:\/\/www.degania.com.ar\/wp\/wp-content\/plugins\/skt-builder\/sktbuilder\/sktbuilder-frontend-starter.js\"><\/script><script type=\"text\/javascript\" src=\"http:\/\/www.degania.com.ar\/wp\/wp-content\/plugins\/skt-builder\/sktbuilder-wordpress-driver.js\"><\/script><script type=\"text\/javascript\"> var starter = new SktbuilderStarter({\"mode\": \"prod\", \"skip\":[\"jquery\",\"underscore\",\"backbone\"],\"sktbuilderUrl\": \"http:\/\/www.degania.com.ar\/wp\/wp-content\/plugins\/skt-builder\/sktbuilder\/\", \"driver\": new SktbuilderWordpressDriver({\"ajaxUrl\": \"http:\/\/www.degania.com.ar\/wp\/wp-admin\/admin-ajax.php\", \"iframeUrl\": \"http:\/\/www.degania.com.ar\/wp\/producto\/cortinas-romana\/?sktbuilder=true\", \"pageId\": 335,  \"nonce\": \"43a521efd3\", \"pages\": [{\"title\":\"Productos\",\"url\":\"http:\\\/\\\/www.degania.com.ar\\\/wp\\\/wp-admin\\\/post.php?post=34&action=sktbuilder\"},{\"title\":\"Showrooms\",\"url\":\"http:\\\/\\\/www.degania.com.ar\\\/wp\\\/wp-admin\\\/post.php?post=36&action=sktbuilder\"},{\"title\":\"Grandes Clientes\",\"url\":\"http:\\\/\\\/www.degania.com.ar\\\/wp\\\/wp-admin\\\/post.php?post=40&action=sktbuilder\"},{\"title\":\"Bienvenidos a Degania\",\"url\":\"http:\\\/\\\/www.degania.com.ar\\\/wp\\\/wp-admin\\\/post.php?post=110&action=sktbuilder\"},{\"title\":\"1 | Medici\\u00f3n\",\"url\":\"http:\\\/\\\/www.degania.com.ar\\\/wp\\\/wp-admin\\\/post.php?post=116&action=sktbuilder\"}], \"page\": \"Cortinas romana\" }) });<\/script><!-- end sktbuilder starter -->","protected":false},"excerpt":{"rendered":"<h5><a href=\"http:\/\/www.degania.com.ar\/wp\/wp-content\/uploads\/2020\/01\/degania-romana.jpg\"><img loading=\"lazy\" decoding=\"async\" class=\"alignnone  wp-image-407\" src=\"http:\/\/www.degania.com.ar\/wp\/wp-content\/uploads\/2020\/01\/degania-romana-300x167.jpg\" alt=\"\" width=\"128\" height=\"71\" srcset=\"http:\/\/www.degania.com.ar\/wp\/wp-content\/uploads\/2020\/01\/degania-romana-300x167.jpg 300w, http:\/\/www.degania.com.ar\/wp\/wp-content\/uploads\/2020\/01\/degania-romana.jpg 440w\" sizes=\"auto, (max-width: 128px) 100vw, 128px\" \/><\/a><a href=\"http:\/\/www.degania.com.ar\/wp\/wp-content\/uploads\/2019\/11\/romana-min-min.png\"> \u00a0\u00a0\u00a0\u00a0 <img loading=\"lazy\" decoding=\"async\" class=\"alignnone  wp-image-240\" src=\"http:\/\/www.degania.com.ar\/wp\/wp-content\/uploads\/2019\/11\/romana-min-min-300x203.png\" alt=\"\" width=\"106\" height=\"72\" srcset=\"http:\/\/www.degania.com.ar\/wp\/wp-content\/uploads\/2019\/11\/romana-min-min-300x203.png 300w, http:\/\/www.degania.com.ar\/wp\/wp-content\/uploads\/2019\/11\/romana-min-min.png 370w\" sizes=\"auto, (max-width: 106px) 100vw, 106px\" \/><\/a><\/h5>\n<h5>Sistema para cortinas Romanas accionado con cadena pl\u00e1stica o met\u00e1lica con carreteles de cinta. Armado y listo para instalar, siendo muy f\u00e1cil la modificaci\u00f3n de su ancho. S\u00f3lo hace falta un peque\u00f1a sierra y un destornillador.<\/h5>\n<h3><\/h3>\n","protected":false},"featured_media":240,"comment_status":"open","ping_status":"closed","template":"","meta":{"_joinchat":[]},"product_brand":[],"product_cat":[21],"product_tag":[69,28],"class_list":{"0":"post-335","1":"product","2":"type-product","3":"status-publish","4":"has-post-thumbnail","6":"product_cat-cortinas","7":"product_tag-cortinas","8":"product_tag-romana","10":"first","11":"instock","12":"shipping-taxable","13":"product-type-simple"},"yoast_head":"<!-- This site is optimized with the Yoast SEO plugin v27.4 - https:\/\/yoast.com\/product\/yoast-seo-wordpress\/ -->\n<title>Cortinas Romanas<\/title>\n<meta name=\"description\" content=\"Sistema para cortinas Romanas accionado con cadena pl\u00e1stica o met\u00e1lica con carreteles de cinta.\" \/>\n<meta name=\"robots\" content=\"index, follow, max-snippet:-1, max-image-preview:large, max-video-preview:-1\" \/>\n<link rel=\"canonical\" href=\"http:\/\/www.degania.com.ar\/wp\/producto\/cortinas-romana\/\" \/>\n<meta property=\"og:locale\" content=\"es_ES\" \/>\n<meta property=\"og:type\" content=\"article\" \/>\n<meta property=\"og:title\" content=\"Cortinas Romanas\" \/>\n<meta property=\"og:description\" content=\"Sistema para cortinas Romanas accionado con cadena pl\u00e1stica o met\u00e1lica con carreteles de cinta.\" \/>\n<meta property=\"og:url\" content=\"http:\/\/www.degania.com.ar\/wp\/producto\/cortinas-romana\/\" \/>\n<meta property=\"og:site_name\" content=\"Degania | Deco &amp; Design\" \/>\n<meta property=\"article:publisher\" content=\"https:\/\/www.facebook.com\/deganiacortineria\/\" \/>\n<meta property=\"article:modified_time\" content=\"2024-06-30T11:22:48+00:00\" \/>\n<meta property=\"og:image\" content=\"http:\/\/www.degania.com.ar\/wp\/wp-content\/uploads\/2019\/11\/romana-min-min.png\" \/>\n\t<meta property=\"og:image:width\" content=\"370\" \/>\n\t<meta property=\"og:image:height\" content=\"250\" \/>\n\t<meta property=\"og:image:type\" content=\"image\/png\" \/>\n<meta name=\"twitter:card\" content=\"summary_large_image\" \/>\n<script type=\"application\/ld+json\" class=\"yoast-schema-graph\">{\"@context\":\"https:\\\/\\\/schema.org\",\"@graph\":[{\"@type\":\"WebPage\",\"@id\":\"http:\\\/\\\/www.degania.com.ar\\\/wp\\\/producto\\\/cortinas-romana\\\/\",\"url\":\"http:\\\/\\\/www.degania.com.ar\\\/wp\\\/producto\\\/cortinas-romana\\\/\",\"name\":\"Cortinas Romanas\",\"isPartOf\":{\"@id\":\"http:\\\/\\\/www.degania.com.ar\\\/wp\\\/#website\"},\"primaryImageOfPage\":{\"@id\":\"http:\\\/\\\/www.degania.com.ar\\\/wp\\\/producto\\\/cortinas-romana\\\/#primaryimage\"},\"image\":{\"@id\":\"http:\\\/\\\/www.degania.com.ar\\\/wp\\\/producto\\\/cortinas-romana\\\/#primaryimage\"},\"thumbnailUrl\":\"http:\\\/\\\/www.degania.com.ar\\\/wp\\\/wp-content\\\/uploads\\\/2019\\\/11\\\/romana-min-min.png\",\"datePublished\":\"2020-01-02T19:59:49+00:00\",\"dateModified\":\"2024-06-30T11:22:48+00:00\",\"description\":\"Sistema para cortinas Romanas accionado con cadena pl\u00e1stica o met\u00e1lica con carreteles de cinta.\",\"breadcrumb\":{\"@id\":\"http:\\\/\\\/www.degania.com.ar\\\/wp\\\/producto\\\/cortinas-romana\\\/#breadcrumb\"},\"inLanguage\":\"es\",\"potentialAction\":[{\"@type\":\"ReadAction\",\"target\":[\"http:\\\/\\\/www.degania.com.ar\\\/wp\\\/producto\\\/cortinas-romana\\\/\"]}]},{\"@type\":\"ImageObject\",\"inLanguage\":\"es\",\"@id\":\"http:\\\/\\\/www.degania.com.ar\\\/wp\\\/producto\\\/cortinas-romana\\\/#primaryimage\",\"url\":\"http:\\\/\\\/www.degania.com.ar\\\/wp\\\/wp-content\\\/uploads\\\/2019\\\/11\\\/romana-min-min.png\",\"contentUrl\":\"http:\\\/\\\/www.degania.com.ar\\\/wp\\\/wp-content\\\/uploads\\\/2019\\\/11\\\/romana-min-min.png\",\"width\":370,\"height\":250},{\"@type\":\"BreadcrumbList\",\"@id\":\"http:\\\/\\\/www.degania.com.ar\\\/wp\\\/producto\\\/cortinas-romana\\\/#breadcrumb\",\"itemListElement\":[{\"@type\":\"ListItem\",\"position\":1,\"name\":\"Portada\",\"item\":\"http:\\\/\\\/www.degania.com.ar\\\/wp\\\/\"},{\"@type\":\"ListItem\",\"position\":2,\"name\":\"Productos\",\"item\":\"http:\\\/\\\/www.degania.com.ar\\\/wp\\\/productos\\\/\"},{\"@type\":\"ListItem\",\"position\":3,\"name\":\"Cortinas romana\"}]},{\"@type\":\"WebSite\",\"@id\":\"http:\\\/\\\/www.degania.com.ar\\\/wp\\\/#website\",\"url\":\"http:\\\/\\\/www.degania.com.ar\\\/wp\\\/\",\"name\":\"Degania | Deco &amp; Design\",\"description\":\"Dise\u00f1o y Decoracion Corineria Telas BlackOut Roller\",\"publisher\":{\"@id\":\"http:\\\/\\\/www.degania.com.ar\\\/wp\\\/#organization\"},\"potentialAction\":[{\"@type\":\"SearchAction\",\"target\":{\"@type\":\"EntryPoint\",\"urlTemplate\":\"http:\\\/\\\/www.degania.com.ar\\\/wp\\\/?s={search_term_string}\"},\"query-input\":{\"@type\":\"PropertyValueSpecification\",\"valueRequired\":true,\"valueName\":\"search_term_string\"}}],\"inLanguage\":\"es\"},{\"@type\":\"Organization\",\"@id\":\"http:\\\/\\\/www.degania.com.ar\\\/wp\\\/#organization\",\"name\":\"Degania\",\"url\":\"http:\\\/\\\/www.degania.com.ar\\\/wp\\\/\",\"logo\":{\"@type\":\"ImageObject\",\"inLanguage\":\"es\",\"@id\":\"http:\\\/\\\/www.degania.com.ar\\\/wp\\\/#\\\/schema\\\/logo\\\/image\\\/\",\"url\":\"http:\\\/\\\/www.degania.com.ar\\\/wp\\\/wp-content\\\/uploads\\\/2019\\\/11\\\/dgania-logo.png\",\"contentUrl\":\"http:\\\/\\\/www.degania.com.ar\\\/wp\\\/wp-content\\\/uploads\\\/2019\\\/11\\\/dgania-logo.png\",\"width\":1082,\"height\":368,\"caption\":\"Degania\"},\"image\":{\"@id\":\"http:\\\/\\\/www.degania.com.ar\\\/wp\\\/#\\\/schema\\\/logo\\\/image\\\/\"},\"sameAs\":[\"https:\\\/\\\/www.facebook.com\\\/deganiacortineria\\\/\",\"https:\\\/\\\/www.instagram.com\\\/deganiacortineria\\\/\"]}]}<\/script>\n<!-- \/ Yoast SEO plugin. -->","yoast_head_json":{"title":"Cortinas Romanas","description":"Sistema para cortinas Romanas accionado con cadena pl\u00e1stica o met\u00e1lica con carreteles de cinta.","robots":{"index":"index","follow":"follow","max-snippet":"max-snippet:-1","max-image-preview":"max-image-preview:large","max-video-preview":"max-video-preview:-1"},"canonical":"http:\/\/www.degania.com.ar\/wp\/producto\/cortinas-romana\/","og_locale":"es_ES","og_type":"article","og_title":"Cortinas Romanas","og_description":"Sistema para cortinas Romanas accionado con cadena pl\u00e1stica o met\u00e1lica con carreteles de cinta.","og_url":"http:\/\/www.degania.com.ar\/wp\/producto\/cortinas-romana\/","og_site_name":"Degania | Deco &amp; Design","article_publisher":"https:\/\/www.facebook.com\/deganiacortineria\/","article_modified_time":"2024-06-30T11:22:48+00:00","og_image":[{"width":370,"height":250,"url":"http:\/\/www.degania.com.ar\/wp\/wp-content\/uploads\/2019\/11\/romana-min-min.png","type":"image\/png"}],"twitter_card":"summary_large_image","schema":{"@context":"https:\/\/schema.org","@graph":[{"@type":"WebPage","@id":"http:\/\/www.degania.com.ar\/wp\/producto\/cortinas-romana\/","url":"http:\/\/www.degania.com.ar\/wp\/producto\/cortinas-romana\/","name":"Cortinas Romanas","isPartOf":{"@id":"http:\/\/www.degania.com.ar\/wp\/#website"},"primaryImageOfPage":{"@id":"http:\/\/www.degania.com.ar\/wp\/producto\/cortinas-romana\/#primaryimage"},"image":{"@id":"http:\/\/www.degania.com.ar\/wp\/producto\/cortinas-romana\/#primaryimage"},"thumbnailUrl":"http:\/\/www.degania.com.ar\/wp\/wp-content\/uploads\/2019\/11\/romana-min-min.png","datePublished":"2020-01-02T19:59:49+00:00","dateModified":"2024-06-30T11:22:48+00:00","description":"Sistema para cortinas Romanas accionado con cadena pl\u00e1stica o met\u00e1lica con carreteles de cinta.","breadcrumb":{"@id":"http:\/\/www.degania.com.ar\/wp\/producto\/cortinas-romana\/#breadcrumb"},"inLanguage":"es","potentialAction":[{"@type":"ReadAction","target":["http:\/\/www.degania.com.ar\/wp\/producto\/cortinas-romana\/"]}]},{"@type":"ImageObject","inLanguage":"es","@id":"http:\/\/www.degania.com.ar\/wp\/producto\/cortinas-romana\/#primaryimage","url":"http:\/\/www.degania.com.ar\/wp\/wp-content\/uploads\/2019\/11\/romana-min-min.png","contentUrl":"http:\/\/www.degania.com.ar\/wp\/wp-content\/uploads\/2019\/11\/romana-min-min.png","width":370,"height":250},{"@type":"BreadcrumbList","@id":"http:\/\/www.degania.com.ar\/wp\/producto\/cortinas-romana\/#breadcrumb","itemListElement":[{"@type":"ListItem","position":1,"name":"Portada","item":"http:\/\/www.degania.com.ar\/wp\/"},{"@type":"ListItem","position":2,"name":"Productos","item":"http:\/\/www.degania.com.ar\/wp\/productos\/"},{"@type":"ListItem","position":3,"name":"Cortinas romana"}]},{"@type":"WebSite","@id":"http:\/\/www.degania.com.ar\/wp\/#website","url":"http:\/\/www.degania.com.ar\/wp\/","name":"Degania | Deco &amp; Design","description":"Dise\u00f1o y Decoracion Corineria Telas BlackOut Roller","publisher":{"@id":"http:\/\/www.degania.com.ar\/wp\/#organization"},"potentialAction":[{"@type":"SearchAction","target":{"@type":"EntryPoint","urlTemplate":"http:\/\/www.degania.com.ar\/wp\/?s={search_term_string}"},"query-input":{"@type":"PropertyValueSpecification","valueRequired":true,"valueName":"search_term_string"}}],"inLanguage":"es"},{"@type":"Organization","@id":"http:\/\/www.degania.com.ar\/wp\/#organization","name":"Degania","url":"http:\/\/www.degania.com.ar\/wp\/","logo":{"@type":"ImageObject","inLanguage":"es","@id":"http:\/\/www.degania.com.ar\/wp\/#\/schema\/logo\/image\/","url":"http:\/\/www.degania.com.ar\/wp\/wp-content\/uploads\/2019\/11\/dgania-logo.png","contentUrl":"http:\/\/www.degania.com.ar\/wp\/wp-content\/uploads\/2019\/11\/dgania-logo.png","width":1082,"height":368,"caption":"Degania"},"image":{"@id":"http:\/\/www.degania.com.ar\/wp\/#\/schema\/logo\/image\/"},"sameAs":["https:\/\/www.facebook.com\/deganiacortineria\/","https:\/\/www.instagram.com\/deganiacortineria\/"]}]}},"_links":{"self":[{"href":"http:\/\/www.degania.com.ar\/wp\/wp-json\/wp\/v2\/product\/335","targetHints":{"allow":["GET"]}}],"collection":[{"href":"http:\/\/www.degania.com.ar\/wp\/wp-json\/wp\/v2\/product"}],"about":[{"href":"http:\/\/www.degania.com.ar\/wp\/wp-json\/wp\/v2\/types\/product"}],"replies":[{"embeddable":true,"href":"http:\/\/www.degania.com.ar\/wp\/wp-json\/wp\/v2\/comments?post=335"}],"wp:featuredmedia":[{"embeddable":true,"href":"http:\/\/www.degania.com.ar\/wp\/wp-json\/wp\/v2\/media\/240"}],"wp:attachment":[{"href":"http:\/\/www.degania.com.ar\/wp\/wp-json\/wp\/v2\/media?parent=335"}],"wp:term":[{"taxonomy":"product_brand","embeddable":true,"href":"http:\/\/www.degania.com.ar\/wp\/wp-json\/wp\/v2\/product_brand?post=335"},{"taxonomy":"product_cat","embeddable":true,"href":"http:\/\/www.degania.com.ar\/wp\/wp-json\/wp\/v2\/product_cat?post=335"},{"taxonomy":"product_tag","embeddable":true,"href":"http:\/\/www.degania.com.ar\/wp\/wp-json\/wp\/v2\/product_tag?post=335"}],"curies":[{"name":"wp","href":"https:\/\/api.w.org\/{rel}","templated":true}]}}